{"id":431,"date":"2024-04-02T09:41:25","date_gmt":"2024-04-02T09:41:25","guid":{"rendered":"https:\/\/blowhazard.ihcantabria.es\/dissemination\/"},"modified":"2024-05-09T10:35:32","modified_gmt":"2024-05-09T10:35:32","slug":"dissemination","status":"publish","type":"page","link":"https:\/\/blowhazard.ihcantabria.es\/en\/dissemination\/","title":{"rendered":"Dissemination"},"content":{"rendered":"\t\t<div data-elementor-type=\"wp-page\" data-elementor-id=\"431\" class=\"elementor elementor-431 elementor-289\" data-elementor-post-type=\"page\">\n\t\t\t\t\t\t<section class=\"elementor-section elementor-top-section elementor-element elementor-element-14abb663 elementor-section-boxed elementor-section-height-default elementor-section-height-default\" data-id=\"14abb663\" data-element_type=\"section\" data-e-type=\"section\" data-settings=\"{&quot;background_background&quot;:&quot;classic&quot;}\">\n\t\t\t\t\t\t<div class=\"elementor-container elementor-column-gap-default\">\n\t\t\t\t\t<div class=\"elementor-column elementor-col-100 elementor-top-column elementor-element elementor-element-2efc8142\" data-id=\"2efc8142\" data-element_type=\"column\" data-e-type=\"column\">\n\t\t\t<div class=\"elementor-widget-wrap elementor-element-populated\">\n\t\t\t\t\t\t<section class=\"elementor-section elementor-inner-section elementor-element elementor-element-7277df1a elementor-section-boxed elementor-section-height-default elementor-section-height-default\" data-id=\"7277df1a\" data-element_type=\"section\" data-e-type=\"section\">\n\t\t\t\t\t\t<div class=\"elementor-container elementor-column-gap-default\">\n\t\t\t\t\t<div class=\"elementor-column elementor-col-100 elementor-inner-column elementor-element elementor-element-6288a137\" data-id=\"6288a137\" data-element_type=\"column\" data-e-type=\"column\">\n\t\t\t<div class=\"elementor-widget-wrap elementor-element-populated\">\n\t\t\t\t\t\t<div class=\"elementor-element elementor-element-404831a elementor-widget elementor-widget-text-editor\" data-id=\"404831a\" data-element_type=\"widget\" data-e-type=\"widget\" data-widget_type=\"text-editor.default\">\n\t\t\t\t<div class=\"elementor-widget-container\">\n\t\t\t\t\t\t\t\t\tDissemination\t\t\t\t\t\t\t\t<\/div>\n\t\t\t\t<\/div>\n\t\t\t\t<div class=\"elementor-element elementor-element-6b24ef83 elementor-widget-divider--view-line elementor-widget elementor-widget-divider\" data-id=\"6b24ef83\" data-element_type=\"widget\" data-e-type=\"widget\" data-widget_type=\"divider.default\">\n\t\t\t\t<div class=\"elementor-widget-container\">\n\t\t\t\t\t\t\t<div class=\"elementor-divider\">\n\t\t\t<span class=\"elementor-divider-separator\">\n\t\t\t\t\t\t<\/span>\n\t\t<\/div>\n\t\t\t\t\t\t<\/div>\n\t\t\t\t<\/div>\n\t\t\t\t\t<\/div>\n\t\t<\/div>\n\t\t\t\t\t<\/div>\n\t\t<\/section>\n\t\t\t\t\t<\/div>\n\t\t<\/div>\n\t\t\t\t\t<\/div>\n\t\t<\/section>\n\t\t<div class=\"elementor-element elementor-element-49eca8d e-flex e-con-boxed e-con e-parent\" data-id=\"49eca8d\" data-element_type=\"container\" data-e-type=\"container\">\n\t\t\t\t\t<div class=\"e-con-inner\">\n\t\t\t\t<div class=\"elementor-element elementor-element-64294ff elementor-widget elementor-widget-heading\" data-id=\"64294ff\" data-element_type=\"widget\" data-e-type=\"widget\" data-widget_type=\"heading.default\">\n\t\t\t\t<div class=\"elementor-widget-container\">\n\t\t\t\t\t<h4 class=\"elementor-heading-title elementor-size-default\">Published papers<\/h4>\t\t\t\t<\/div>\n\t\t\t\t<\/div>\n\t\t\t\t\t<\/div>\n\t\t\t\t<\/div>\n\t\t<div class=\"elementor-element elementor-element-b701307 e-flex e-con-boxed e-con e-parent\" data-id=\"b701307\" data-element_type=\"container\" data-e-type=\"container\">\n\t\t\t\t\t<div class=\"e-con-inner\">\n\t\t\t\t<div class=\"elementor-element elementor-element-ce80d44 elementor-widget elementor-widget-text-editor\" data-id=\"ce80d44\" data-element_type=\"widget\" data-e-type=\"widget\" data-widget_type=\"text-editor.default\">\n\t\t\t\t<div class=\"elementor-widget-container\">\n\t\t\t\t\t\t\t\t\t<p>Mart\u00ednez, A., Abascal, A.J., Garc\u00eda, A., Arag\u00f3n, G., Medina, R., 2024. Lagrangian modelling of oil concentrations at sea: A sensitivity analysis to the grid resolution and number of Lagrangian elements. Marine Pollution Bulletin, 198, 115787,<\/p>\n<p><a href=\"https:\/\/doi.org\/10.1016\/j.marpolbul.2023.115787\">https:\/\/doi.org\/10.1016\/j.marpolbul.2023.115787<\/a><\/p>\n\t\t\t\t\t\t\t\t<\/div>\n\t\t\t\t<\/div>\n\t\t\t\t\t<\/div>\n\t\t\t\t<\/div>\n\t\t<div class=\"elementor-element elementor-element-ada74f5 e-flex e-con-boxed e-con e-parent\" data-id=\"ada74f5\" data-element_type=\"container\" data-e-type=\"container\">\n\t\t\t\t\t<div class=\"e-con-inner\">\n\t\t\t\t<div class=\"elementor-element elementor-element-49edde1 elementor-widget elementor-widget-heading\" data-id=\"49edde1\" data-element_type=\"widget\" data-e-type=\"widget\" data-widget_type=\"heading.default\">\n\t\t\t\t<div class=\"elementor-widget-container\">\n\t\t\t\t\t<h4 class=\"elementor-heading-title elementor-size-default\">Press Releases<\/h4>\t\t\t\t<\/div>\n\t\t\t\t<\/div>\n\t\t\t\t\t<\/div>\n\t\t\t\t<\/div>\n\t\t<div class=\"elementor-element elementor-element-09d2458 e-flex e-con-boxed e-con e-parent\" data-id=\"09d2458\" data-element_type=\"container\" data-e-type=\"container\">\n\t\t\t\t\t<div class=\"e-con-inner\">\n\t\t<div class=\"elementor-element elementor-element-ad05829 e-con-full e-flex e-con e-child\" data-id=\"ad05829\" data-element_type=\"container\" data-e-type=\"container\">\n\t\t\t\t<div class=\"elementor-element elementor-element-ccb67cb elementor-position-top elementor-widget elementor-widget-image-box\" data-id=\"ccb67cb\" data-element_type=\"widget\" data-e-type=\"widget\" data-widget_type=\"image-box.default\">\n\t\t\t\t<div class=\"elementor-widget-container\">\n\t\t\t\t\t<div class=\"elementor-image-box-wrapper\"><figure class=\"elementor-image-box-img\"><a href=\"https:\/\/ihcantabria.com\/en\/ihcantabria-has-reached-the-final-stretch-of-the-blowhazard-project-with-promising-results\/\" target=\"_blank\" tabindex=\"-1\"><img fetchpriority=\"high\" decoding=\"async\" width=\"2560\" height=\"1025\" src=\"https:\/\/blowhazard.ihcantabria.es\/wp-content\/uploads\/2024\/05\/oil-leak-from-ship-oil-spill-pollution-polluted-2023-11-27-05-26-23-utc-scaled.jpg\" class=\"attachment-full size-full wp-image-465\" alt=\"\" srcset=\"https:\/\/blowhazard.ihcantabria.es\/wp-content\/uploads\/2024\/05\/oil-leak-from-ship-oil-spill-pollution-polluted-2023-11-27-05-26-23-utc-scaled.jpg 2560w, https:\/\/blowhazard.ihcantabria.es\/wp-content\/uploads\/2024\/05\/oil-leak-from-ship-oil-spill-pollution-polluted-2023-11-27-05-26-23-utc-300x120.jpg 300w, https:\/\/blowhazard.ihcantabria.es\/wp-content\/uploads\/2024\/05\/oil-leak-from-ship-oil-spill-pollution-polluted-2023-11-27-05-26-23-utc-1024x410.jpg 1024w, https:\/\/blowhazard.ihcantabria.es\/wp-content\/uploads\/2024\/05\/oil-leak-from-ship-oil-spill-pollution-polluted-2023-11-27-05-26-23-utc-768x307.jpg 768w, https:\/\/blowhazard.ihcantabria.es\/wp-content\/uploads\/2024\/05\/oil-leak-from-ship-oil-spill-pollution-polluted-2023-11-27-05-26-23-utc-1536x615.jpg 1536w, https:\/\/blowhazard.ihcantabria.es\/wp-content\/uploads\/2024\/05\/oil-leak-from-ship-oil-spill-pollution-polluted-2023-11-27-05-26-23-utc-2048x820.jpg 2048w\" sizes=\"(max-width: 2560px) 100vw, 2560px\" \/><\/a><\/figure><div class=\"elementor-image-box-content\"><h3 class=\"elementor-image-box-title\"><a href=\"https:\/\/ihcantabria.com\/en\/ihcantabria-has-reached-the-final-stretch-of-the-blowhazard-project-with-promising-results\/\" target=\"_blank\">IHCANTABRIA HAS REACHED THE FINAL STRETCH OF THE BLOWHAZARD PROJECT WITH PROMISING RESULTS<\/a><\/h3><p class=\"elementor-image-box-description\">This project offers an innovative system to analyze the danger of oil spills derived from oil well blowouts in offshore installations. Its main product, the BlowHazard Web Application, has been successfully developed<\/p><\/div><\/div>\t\t\t\t<\/div>\n\t\t\t\t<\/div>\n\t\t\t\t<\/div>\n\t\t<div class=\"elementor-element elementor-element-a92019d e-con-full e-flex e-con e-child\" data-id=\"a92019d\" data-element_type=\"container\" data-e-type=\"container\">\n\t\t\t\t<div class=\"elementor-element elementor-element-0346004 elementor-position-top elementor-widget elementor-widget-image-box\" data-id=\"0346004\" data-element_type=\"widget\" data-e-type=\"widget\" data-widget_type=\"image-box.default\">\n\t\t\t\t<div class=\"elementor-widget-container\">\n\t\t\t\t\t<div class=\"elementor-image-box-wrapper\"><figure class=\"elementor-image-box-img\"><a href=\"https:\/\/web.unican.es\/noticias\/Paginas\/2024\/04\/blowhazard-ihcantabria.aspx\" target=\"_blank\" tabindex=\"-1\"><img decoding=\"async\" width=\"908\" height=\"560\" src=\"https:\/\/blowhazard.ihcantabria.es\/wp-content\/uploads\/2024\/05\/Screenshot-2024-05-09-at-10-31-19-IHCantabria-crea-una-aplicacion-web-para-analizar-la-peligrosidad-de-los-derrames-de-hidrocarburos-tras-explosiones-en-pozos-petroliferos-offshore.png\" class=\"attachment-full size-full wp-image-471\" alt=\"\" srcset=\"https:\/\/blowhazard.ihcantabria.es\/wp-content\/uploads\/2024\/05\/Screenshot-2024-05-09-at-10-31-19-IHCantabria-crea-una-aplicacion-web-para-analizar-la-peligrosidad-de-los-derrames-de-hidrocarburos-tras-explosiones-en-pozos-petroliferos-offshore.png 908w, https:\/\/blowhazard.ihcantabria.es\/wp-content\/uploads\/2024\/05\/Screenshot-2024-05-09-at-10-31-19-IHCantabria-crea-una-aplicacion-web-para-analizar-la-peligrosidad-de-los-derrames-de-hidrocarburos-tras-explosiones-en-pozos-petroliferos-offshore-300x185.png 300w, https:\/\/blowhazard.ihcantabria.es\/wp-content\/uploads\/2024\/05\/Screenshot-2024-05-09-at-10-31-19-IHCantabria-crea-una-aplicacion-web-para-analizar-la-peligrosidad-de-los-derrames-de-hidrocarburos-tras-explosiones-en-pozos-petroliferos-offshore-768x474.png 768w\" sizes=\"(max-width: 908px) 100vw, 908px\" \/><\/a><\/figure><div class=\"elementor-image-box-content\"><h3 class=\"elementor-image-box-title\"><a href=\"https:\/\/web.unican.es\/noticias\/Paginas\/2024\/04\/blowhazard-ihcantabria.aspx\" target=\"_blank\"> IHCantabria crea una aplicaci\u00f3n web para analizar la peligrosidad de los derrames de hidrocarburos tras explosiones en pozos petrol\u00edferos offshore <\/a><\/h3><p class=\"elementor-image-box-description\"> Se trata del principal resultado del proyecto BlowHazard, financiado con fondos Next Generation <\/p><\/div><\/div>\t\t\t\t<\/div>\n\t\t\t\t<\/div>\n\t\t\t\t<\/div>\n\t\t<div class=\"elementor-element elementor-element-8ce7f71 e-con-full e-flex e-con e-child\" data-id=\"8ce7f71\" data-element_type=\"container\" data-e-type=\"container\">\n\t\t\t\t<div class=\"elementor-element elementor-element-c1ac74d elementor-position-inline-start elementor-view-default elementor-mobile-position-block-start elementor-widget elementor-widget-icon-box\" data-id=\"c1ac74d\" data-element_type=\"widget\" data-e-type=\"widget\" data-widget_type=\"icon-box.default\">\n\t\t\t\t<div class=\"elementor-widget-container\">\n\t\t\t\t\t\t\t<div class=\"elementor-icon-box-wrapper\">\n\n\t\t\t\t\t\t<div class=\"elementor-icon-box-icon\">\n\t\t\t\t<a href=\"https:\/\/twitter.com\/IHCantabria\/status\/1778410187990196283\" target=\"_blank\" class=\"elementor-icon\" tabindex=\"-1\">\n\t\t\t\t<svg aria-hidden=\"true\" class=\"e-font-icon-svg e-fab-x-twitter-square\" viewBox=\"0 0 448 512\" xmlns=\"http:\/\/www.w3.org\/2000\/svg\"><path d=\"M64 32C28.7 32 0 60.7 0 96V416c0 35.3 28.7 64 64 64H384c35.3 0 64-28.7 64-64V96c0-35.3-28.7-64-64-64H64zm297.1 84L257.3 234.6 379.4 396H283.8L209 298.1 123.3 396H75.8l111-126.9L69.7 116h98l67.7 89.5L313.6 116h47.5zM323.3 367.6L153.4 142.9H125.1L296.9 367.6h26.3z\"><\/path><\/svg>\t\t\t\t<\/a>\n\t\t\t<\/div>\n\t\t\t\n\t\t\t\t\t\t<div class=\"elementor-icon-box-content\">\n\n\t\t\t\t\n\t\t\t\t\t\t\t\t\t<p class=\"elementor-icon-box-description\">\n\t\t\t\t\t\t@IHCantabria\r\n ha culminado con \u00e9xito el proyecto BlowHazard, cuyo principal producto es una aplicaci\u00f3n web para analizar la peligrosidad de derrames de hidrocarburos derivados de explosiones en pozos petrol\u00edferos en instalaciones offshore\t\t\t\t\t<\/p>\n\t\t\t\t\n\t\t\t<\/div>\n\t\t\t\n\t\t<\/div>\n\t\t\t\t\t\t<\/div>\n\t\t\t\t<\/div>\n\t\t\t\t<div class=\"elementor-element elementor-element-ed56867 elementor-position-inline-start elementor-view-default elementor-mobile-position-block-start elementor-widget elementor-widget-icon-box\" data-id=\"ed56867\" data-element_type=\"widget\" data-e-type=\"widget\" data-widget_type=\"icon-box.default\">\n\t\t\t\t<div class=\"elementor-widget-container\">\n\t\t\t\t\t\t\t<div class=\"elementor-icon-box-wrapper\">\n\n\t\t\t\t\t\t<div class=\"elementor-icon-box-icon\">\n\t\t\t\t<a href=\"https:\/\/www.linkedin.com\/posts\/ihcantabria_ihcantabria-ha-llegado-a-la-recta-final-del-activity-7184177537307054080-jvo_?utm_source=share&#038;utm_medium=member_desktop\" target=\"_blank\" class=\"elementor-icon\" tabindex=\"-1\">\n\t\t\t\t<svg aria-hidden=\"true\" class=\"e-font-icon-svg e-fab-linkedin\" viewBox=\"0 0 448 512\" xmlns=\"http:\/\/www.w3.org\/2000\/svg\"><path d=\"M416 32H31.9C14.3 32 0 46.5 0 64.3v383.4C0 465.5 14.3 480 31.9 480H416c17.6 0 32-14.5 32-32.3V64.3c0-17.8-14.4-32.3-32-32.3zM135.4 416H69V202.2h66.5V416zm-33.2-243c-21.3 0-38.5-17.3-38.5-38.5S80.9 96 102.2 96c21.2 0 38.5 17.3 38.5 38.5 0 21.3-17.2 38.5-38.5 38.5zm282.1 243h-66.4V312c0-24.8-.5-56.7-34.5-56.7-34.6 0-39.9 27-39.9 54.9V416h-66.4V202.2h63.7v29.2h.9c8.9-16.8 30.6-34.5 62.9-34.5 67.2 0 79.7 44.3 79.7 101.9V416z\"><\/path><\/svg>\t\t\t\t<\/a>\n\t\t\t<\/div>\n\t\t\t\n\t\t\t\t\t\t<div class=\"elementor-icon-box-content\">\n\n\t\t\t\t\n\t\t\t\t\t\t\t\t\t<p class=\"elementor-icon-box-description\">\n\t\t\t\t\t\t\ud83d\udce2 IHCantabria ha culminado con \u00e9xito el proyecto BlowHazard, \r\n\r\n\ud83d\udd34 Su principal producto es la Aplicaci\u00f3n Web BlowHazard, que contribuir\u00e1 a mejorar los procedimientos de evaluaci\u00f3n del riesgo ante derrames de hidrocarburos derivados de explosiones en pozos petrol\u00edferos en instalaciones offshore.\r\n\t\t\t\t\t<\/p>\n\t\t\t\t\n\t\t\t<\/div>\n\t\t\t\n\t\t<\/div>\n\t\t\t\t\t\t<\/div>\n\t\t\t\t<\/div>\n\t\t\t\t<\/div>\n\t\t\t\t\t<\/div>\n\t\t\t\t<\/div>\n\t\t<div class=\"elementor-element elementor-element-59080ae e-flex e-con-boxed e-con e-parent\" data-id=\"59080ae\" data-element_type=\"container\" data-e-type=\"container\">\n\t\t\t\t\t<div class=\"e-con-inner\">\n\t\t\t\t\t<\/div>\n\t\t\t\t<\/div>\n\t\t\t\t<\/div>\n\t\t","protected":false},"excerpt":{"rendered":"<p>Published papers Mart\u00ednez, A., Abascal, A.J., Garc\u00eda, A., Arag\u00f3n, G., Medina, R., 2024. Lagrangian modelling of oil concentrations at sea: A sensitivity analysis to the grid resolution and number of Lagrangian elements. Marine Pollution Bulletin, 198, 115787, https:\/\/doi.org\/10.1016\/j.marpolbul.2023.115787 Press Releases IHCANTABRIA HAS REACHED THE FINAL STRETCH OF THE BLOWHAZARD PROJECT WITH PROMISING RESULTS This project [&hellip;]<\/p>\n","protected":false},"author":1,"featured_media":0,"parent":0,"menu_order":0,"comment_status":"closed","ping_status":"closed","template":"","meta":{"footnotes":""},"class_list":["post-431","page","type-page","status-publish","hentry"],"_links":{"self":[{"href":"https:\/\/blowhazard.ihcantabria.es\/en\/wp-json\/wp\/v2\/pages\/431","targetHints":{"allow":["GET"]}}],"collection":[{"href":"https:\/\/blowhazard.ihcantabria.es\/en\/wp-json\/wp\/v2\/pages"}],"about":[{"href":"https:\/\/blowhazard.ihcantabria.es\/en\/wp-json\/wp\/v2\/types\/page"}],"author":[{"embeddable":true,"href":"https:\/\/blowhazard.ihcantabria.es\/en\/wp-json\/wp\/v2\/users\/1"}],"replies":[{"embeddable":true,"href":"https:\/\/blowhazard.ihcantabria.es\/en\/wp-json\/wp\/v2\/comments?post=431"}],"version-history":[{"count":2,"href":"https:\/\/blowhazard.ihcantabria.es\/en\/wp-json\/wp\/v2\/pages\/431\/revisions"}],"predecessor-version":[{"id":492,"href":"https:\/\/blowhazard.ihcantabria.es\/en\/wp-json\/wp\/v2\/pages\/431\/revisions\/492"}],"wp:attachment":[{"href":"https:\/\/blowhazard.ihcantabria.es\/en\/wp-json\/wp\/v2\/media?parent=431"}],"curies":[{"name":"wp","href":"https:\/\/api.w.org\/{rel}","templated":true}]}}