{"id":435,"date":"2024-04-02T09:41:08","date_gmt":"2024-04-02T09:41:08","guid":{"rendered":"https:\/\/blowhazard.ihcantabria.es\/team\/"},"modified":"2024-04-02T17:25:29","modified_gmt":"2024-04-02T17:25:29","slug":"team","status":"publish","type":"page","link":"https:\/\/blowhazard.ihcantabria.es\/en\/team\/","title":{"rendered":"Team"},"content":{"rendered":"\t\t<div data-elementor-type=\"wp-page\" data-elementor-id=\"435\" class=\"elementor elementor-435 elementor-287\" data-elementor-post-type=\"page\">\n\t\t\t\t\t\t<section class=\"elementor-section elementor-top-section elementor-element elementor-element-3e74fdef elementor-section-boxed elementor-section-height-default elementor-section-height-default\" data-id=\"3e74fdef\" data-element_type=\"section\" data-e-type=\"section\" data-settings=\"{&quot;background_background&quot;:&quot;classic&quot;}\">\n\t\t\t\t\t\t<div class=\"elementor-container elementor-column-gap-default\">\n\t\t\t\t\t<div class=\"elementor-column elementor-col-100 elementor-top-column elementor-element elementor-element-5b0df05\" data-id=\"5b0df05\" data-element_type=\"column\" data-e-type=\"column\">\n\t\t\t<div class=\"elementor-widget-wrap elementor-element-populated\">\n\t\t\t\t\t\t<div class=\"elementor-element elementor-element-832dff2 elementor-widget elementor-widget-text-editor\" data-id=\"832dff2\" data-element_type=\"widget\" data-e-type=\"widget\" data-widget_type=\"text-editor.default\">\n\t\t\t\t<div class=\"elementor-widget-container\">\n\t\t\t\t\t\t\t\t\tTeam\t\t\t\t\t\t\t\t<\/div>\n\t\t\t\t<\/div>\n\t\t\t\t\t<\/div>\n\t\t<\/div>\n\t\t\t\t\t<\/div>\n\t\t<\/section>\n\t\t<div class=\"elementor-element elementor-element-c004f61 e-flex e-con-boxed e-con e-parent\" data-id=\"c004f61\" data-element_type=\"container\" data-e-type=\"container\">\n\t\t\t\t\t<div class=\"e-con-inner\">\n\t\t\t\t\t<\/div>\n\t\t\t\t<\/div>\n\t\t<div class=\"elementor-element elementor-element-25b40c9 e-flex e-con-boxed e-con e-parent\" data-id=\"25b40c9\" data-element_type=\"container\" data-e-type=\"container\">\n\t\t\t\t\t<div class=\"e-con-inner\">\n\t\t\t\t<div class=\"elementor-element elementor-element-296dc0f elementor-widget elementor-widget-heading\" data-id=\"296dc0f\" data-element_type=\"widget\" data-e-type=\"widget\" data-widget_type=\"heading.default\">\n\t\t\t\t<div class=\"elementor-widget-container\">\n\t\t\t\t\t<h2 class=\"elementor-heading-title elementor-size-default\">Main Researches<\/h2>\t\t\t\t<\/div>\n\t\t\t\t<\/div>\n\t\t\t\t\t<\/div>\n\t\t\t\t<\/div>\n\t\t<div class=\"elementor-element elementor-element-986cc22 e-flex e-con-boxed e-con e-parent\" data-id=\"986cc22\" data-element_type=\"container\" data-e-type=\"container\">\n\t\t\t\t\t<div class=\"e-con-inner\">\n\t\t<div class=\"elementor-element elementor-element-eb7dce2 e-con-full e-flex e-con e-child\" data-id=\"eb7dce2\" data-element_type=\"container\" data-e-type=\"container\">\n\t\t\t\t<div class=\"elementor-element elementor-element-a3ab0a2 elementor-widget elementor-widget-tfteam\" data-id=\"a3ab0a2\" data-element_type=\"widget\" data-e-type=\"widget\" data-widget_type=\"tfteam.default\">\n\t\t\t\t<div class=\"elementor-widget-container\">\n\t\t\t\t\t\t\t<div class=\"tf-team style-1\">\r\n\t\t\t<div class=\"team-image\">\r\n\t\t\t\t<a href=\"https:\/\/ihcantabria.com\/directorio-personal\/ana-julia-abascal-santillana\/\"  target=&quot;_blank&quot;  rel=&quot;nofollow&quot;>\r\n\t\t\t\t<img fetchpriority=\"high\" decoding=\"async\" width=\"800\" height=\"831\" src=\"https:\/\/blowhazard.ihcantabria.es\/wp-content\/uploads\/2024\/04\/anaJULIA-986x1024.jpg\" class=\"attachment-large size-large wp-image-364\" alt=\"\" srcset=\"https:\/\/blowhazard.ihcantabria.es\/wp-content\/uploads\/2024\/04\/anaJULIA-986x1024.jpg 986w, https:\/\/blowhazard.ihcantabria.es\/wp-content\/uploads\/2024\/04\/anaJULIA-289x300.jpg 289w, https:\/\/blowhazard.ihcantabria.es\/wp-content\/uploads\/2024\/04\/anaJULIA-768x798.jpg 768w, https:\/\/blowhazard.ihcantabria.es\/wp-content\/uploads\/2024\/04\/anaJULIA-1478x1536.jpg 1478w, https:\/\/blowhazard.ihcantabria.es\/wp-content\/uploads\/2024\/04\/anaJULIA.jpg 1971w\" sizes=\"(max-width: 800px) 100vw, 800px\" \/>\t\t\t\t<div class=\"image-overlay \"><\/div>\r\n\t\t\t\t<\/a>\r\n\t\t\t\t\r\n\t\t\t\t\t\t\t<\/div>\r\n\t\t\t<div class=\"team-content \">\r\n\t\t\t\t\t\t\t\t\t<h5 class=\"team-name\">\r\n\t\t\t\t\t<a href=\"https:\/\/ihcantabria.com\/directorio-personal\/ana-julia-abascal-santillana\/\"  target=&quot;_blank&quot;  rel=&quot;nofollow&quot;>ANA JULIA ABASCAL SANTILLANA<\/a>\r\n\t\t\t\t\t<\/h5>\r\n\t\t\t\t\t\t\t\t\t\t\t\t\r\n\t\t\t\t\t\t\t\t\r\n\t\t\t\t\t\t\t<\/div>\r\n\t\t<\/div>\r\n\t\t\t\t\t\t<\/div>\n\t\t\t\t<\/div>\n\t\t\t\t<\/div>\n\t\t<div class=\"elementor-element elementor-element-48538b1 e-con-full e-flex e-con e-child\" data-id=\"48538b1\" data-element_type=\"container\" data-e-type=\"container\">\n\t\t\t\t<div class=\"elementor-element elementor-element-b88f4b9 elementor-widget elementor-widget-tfteam\" data-id=\"b88f4b9\" data-element_type=\"widget\" data-e-type=\"widget\" data-widget_type=\"tfteam.default\">\n\t\t\t\t<div class=\"elementor-widget-container\">\n\t\t\t\t\t\t\t<div class=\"tf-team style-1\">\r\n\t\t\t<div class=\"team-image\">\r\n\t\t\t\t<a href=\"https:\/\/ihcantabria.com\/directorio-personal\/raul-medina-santamaria\/\"  target=&quot;_blank&quot;  rel=&quot;nofollow&quot;>\r\n\t\t\t\t<img decoding=\"async\" width=\"800\" height=\"831\" src=\"https:\/\/blowhazard.ihcantabria.es\/wp-content\/uploads\/2024\/04\/raulMEDINA-986x1024.jpg\" class=\"attachment-large size-large wp-image-365\" alt=\"\" srcset=\"https:\/\/blowhazard.ihcantabria.es\/wp-content\/uploads\/2024\/04\/raulMEDINA-986x1024.jpg 986w, https:\/\/blowhazard.ihcantabria.es\/wp-content\/uploads\/2024\/04\/raulMEDINA-289x300.jpg 289w, https:\/\/blowhazard.ihcantabria.es\/wp-content\/uploads\/2024\/04\/raulMEDINA-768x798.jpg 768w, https:\/\/blowhazard.ihcantabria.es\/wp-content\/uploads\/2024\/04\/raulMEDINA-1478x1536.jpg 1478w, https:\/\/blowhazard.ihcantabria.es\/wp-content\/uploads\/2024\/04\/raulMEDINA.jpg 1971w\" sizes=\"(max-width: 800px) 100vw, 800px\" \/>\t\t\t\t<div class=\"image-overlay \"><\/div>\r\n\t\t\t\t<\/a>\r\n\t\t\t\t\r\n\t\t\t\t\t\t\t<\/div>\r\n\t\t\t<div class=\"team-content \">\r\n\t\t\t\t\t\t\t\t\t<h5 class=\"team-name\">\r\n\t\t\t\t\t<a href=\"https:\/\/ihcantabria.com\/directorio-personal\/raul-medina-santamaria\/\"  target=&quot;_blank&quot;  rel=&quot;nofollow&quot;>  RA\u00daL MEDINA SANTAMAR\u00cdA<\/a>\r\n\t\t\t\t\t<\/h5>\r\n\t\t\t\t\t\t\t\t\t\t\t\t\r\n\t\t\t\t\t\t\t\t\r\n\t\t\t\t\t\t\t<\/div>\r\n\t\t<\/div>\r\n\t\t\t\t\t\t<\/div>\n\t\t\t\t<\/div>\n\t\t\t\t<\/div>\n\t\t<div class=\"elementor-element elementor-element-57aed36 e-con-full e-flex e-con e-child\" data-id=\"57aed36\" data-element_type=\"container\" data-e-type=\"container\">\n\t\t\t\t<\/div>\n\t\t<div class=\"elementor-element elementor-element-9705216 e-con-full e-flex e-con e-child\" data-id=\"9705216\" data-element_type=\"container\" data-e-type=\"container\">\n\t\t\t\t<\/div>\n\t\t\t\t\t<\/div>\n\t\t\t\t<\/div>\n\t\t<div class=\"elementor-element elementor-element-91f79f6 e-flex e-con-boxed e-con e-parent\" data-id=\"91f79f6\" data-element_type=\"container\" data-e-type=\"container\">\n\t\t\t\t\t<div class=\"e-con-inner\">\n\t\t\t\t<div class=\"elementor-element elementor-element-37ca86f elementor-widget elementor-widget-heading\" data-id=\"37ca86f\" data-element_type=\"widget\" data-e-type=\"widget\" data-widget_type=\"heading.default\">\n\t\t\t\t<div class=\"elementor-widget-container\">\n\t\t\t\t\t<h2 class=\"elementor-heading-title elementor-size-default\">Work team<\/h2>\t\t\t\t<\/div>\n\t\t\t\t<\/div>\n\t\t\t\t\t<\/div>\n\t\t\t\t<\/div>\n\t\t<div class=\"elementor-element elementor-element-b330b91 e-flex e-con-boxed e-con e-parent\" data-id=\"b330b91\" data-element_type=\"container\" data-e-type=\"container\">\n\t\t\t\t\t<div class=\"e-con-inner\">\n\t\t<div class=\"elementor-element elementor-element-b558e6b e-con-full e-flex e-con e-child\" data-id=\"b558e6b\" data-element_type=\"container\" data-e-type=\"container\">\n\t\t\t\t<div class=\"elementor-element elementor-element-d60e065 elementor-widget elementor-widget-tfteam\" data-id=\"d60e065\" data-element_type=\"widget\" data-e-type=\"widget\" data-widget_type=\"tfteam.default\">\n\t\t\t\t<div class=\"elementor-widget-container\">\n\t\t\t\t\t\t\t<div class=\"tf-team style-1\">\r\n\t\t\t<div class=\"team-image\">\r\n\t\t\t\t<a href=\"https:\/\/ihcantabria.com\/directorio-personal\/hector-ibanez-quintanal\/\"  target=&quot;_blank&quot;  rel=&quot;nofollow&quot;>\r\n\t\t\t\t<img decoding=\"async\" width=\"800\" height=\"831\" src=\"https:\/\/blowhazard.ihcantabria.es\/wp-content\/uploads\/2024\/04\/hectoribanez-986x1024.jpg\" class=\"attachment-large size-large wp-image-348\" alt=\"\" srcset=\"https:\/\/blowhazard.ihcantabria.es\/wp-content\/uploads\/2024\/04\/hectoribanez-986x1024.jpg 986w, https:\/\/blowhazard.ihcantabria.es\/wp-content\/uploads\/2024\/04\/hectoribanez-289x300.jpg 289w, https:\/\/blowhazard.ihcantabria.es\/wp-content\/uploads\/2024\/04\/hectoribanez-768x798.jpg 768w, https:\/\/blowhazard.ihcantabria.es\/wp-content\/uploads\/2024\/04\/hectoribanez-1478x1536.jpg 1478w, https:\/\/blowhazard.ihcantabria.es\/wp-content\/uploads\/2024\/04\/hectoribanez.jpg 1971w\" sizes=\"(max-width: 800px) 100vw, 800px\" \/>\t\t\t\t<div class=\"image-overlay \"><\/div>\r\n\t\t\t\t<\/a>\r\n\t\t\t\t\r\n\t\t\t\t\t\t\t<\/div>\r\n\t\t\t<div class=\"team-content \">\r\n\t\t\t\t\t\t\t\t\t<h5 class=\"team-name\">\r\n\t\t\t\t\t<a href=\"https:\/\/ihcantabria.com\/directorio-personal\/hector-ibanez-quintanal\/\"  target=&quot;_blank&quot;  rel=&quot;nofollow&quot;>  HECTOR IBA\u00d1EZ QUINTANAL<\/a>\r\n\t\t\t\t\t<\/h5>\r\n\t\t\t\t\t\t\t\t\t\t\t\t\r\n\t\t\t\t\t\t\t\t\r\n\t\t\t\t\t\t\t<\/div>\r\n\t\t<\/div>\r\n\t\t\t\t\t\t<\/div>\n\t\t\t\t<\/div>\n\t\t\t\t<\/div>\n\t\t<div class=\"elementor-element elementor-element-9f02c32 e-con-full e-flex e-con e-child\" data-id=\"9f02c32\" data-element_type=\"container\" data-e-type=\"container\">\n\t\t\t\t<div class=\"elementor-element elementor-element-8aacff9 elementor-widget elementor-widget-tfteam\" data-id=\"8aacff9\" data-element_type=\"widget\" data-e-type=\"widget\" data-widget_type=\"tfteam.default\">\n\t\t\t\t<div class=\"elementor-widget-container\">\n\t\t\t\t\t\t\t<div class=\"tf-team style-1\">\r\n\t\t\t<div class=\"team-image\">\r\n\t\t\t\t<a href=\"https:\/\/ihcantabria.com\/directorio-personal\/german-aragon\/\"  target=&quot;_blank&quot;  rel=&quot;nofollow&quot;>\r\n\t\t\t\t<img loading=\"lazy\" decoding=\"async\" width=\"800\" height=\"832\" src=\"https:\/\/blowhazard.ihcantabria.es\/wp-content\/uploads\/2024\/04\/german.jpg\" class=\"attachment-large size-large wp-image-353\" alt=\"\" srcset=\"https:\/\/blowhazard.ihcantabria.es\/wp-content\/uploads\/2024\/04\/german.jpg 985w, https:\/\/blowhazard.ihcantabria.es\/wp-content\/uploads\/2024\/04\/german-289x300.jpg 289w, https:\/\/blowhazard.ihcantabria.es\/wp-content\/uploads\/2024\/04\/german-768x798.jpg 768w\" sizes=\"(max-width: 800px) 100vw, 800px\" \/>\t\t\t\t<div class=\"image-overlay \"><\/div>\r\n\t\t\t\t<\/a>\r\n\t\t\t\t\r\n\t\t\t\t\t\t\t<\/div>\r\n\t\t\t<div class=\"team-content \">\r\n\t\t\t\t\t\t\t\t\t<h5 class=\"team-name\">\r\n\t\t\t\t\t<a href=\"https:\/\/ihcantabria.com\/directorio-personal\/german-aragon\/\"  target=&quot;_blank&quot;  rel=&quot;nofollow&quot;>  GERM\u00c1N ARAG\u00d3N CAMINERO<\/a>\r\n\t\t\t\t\t<\/h5>\r\n\t\t\t\t\t\t\t\t\t\t\t\t\r\n\t\t\t\t\t\t\t\t\r\n\t\t\t\t\t\t\t<\/div>\r\n\t\t<\/div>\r\n\t\t\t\t\t\t<\/div>\n\t\t\t\t<\/div>\n\t\t\t\t<\/div>\n\t\t<div class=\"elementor-element elementor-element-84dfd5e e-con-full e-flex e-con e-child\" data-id=\"84dfd5e\" data-element_type=\"container\" data-e-type=\"container\">\n\t\t\t\t<div class=\"elementor-element elementor-element-8090373 elementor-widget elementor-widget-tfteam\" data-id=\"8090373\" data-element_type=\"widget\" data-e-type=\"widget\" data-widget_type=\"tfteam.default\">\n\t\t\t\t<div class=\"elementor-widget-container\">\n\t\t\t\t\t\t\t<div class=\"tf-team style-1\">\r\n\t\t\t<div class=\"team-image\">\r\n\t\t\t\t<a href=\"https:\/\/ihcantabria.com\/directorio-personal\/javier-garcia-alba\/\"  target=&quot;_blank&quot;  rel=&quot;nofollow&quot;>\r\n\t\t\t\t<img loading=\"lazy\" decoding=\"async\" width=\"800\" height=\"831\" src=\"https:\/\/blowhazard.ihcantabria.es\/wp-content\/uploads\/2024\/04\/javiALBA-986x1024.jpg\" class=\"attachment-large size-large wp-image-357\" alt=\"\" srcset=\"https:\/\/blowhazard.ihcantabria.es\/wp-content\/uploads\/2024\/04\/javiALBA-986x1024.jpg 986w, https:\/\/blowhazard.ihcantabria.es\/wp-content\/uploads\/2024\/04\/javiALBA-289x300.jpg 289w, https:\/\/blowhazard.ihcantabria.es\/wp-content\/uploads\/2024\/04\/javiALBA-768x798.jpg 768w, https:\/\/blowhazard.ihcantabria.es\/wp-content\/uploads\/2024\/04\/javiALBA-1478x1536.jpg 1478w, https:\/\/blowhazard.ihcantabria.es\/wp-content\/uploads\/2024\/04\/javiALBA.jpg 1971w\" sizes=\"(max-width: 800px) 100vw, 800px\" \/>\t\t\t\t<div class=\"image-overlay \"><\/div>\r\n\t\t\t\t<\/a>\r\n\t\t\t\t\r\n\t\t\t\t\t\t\t<\/div>\r\n\t\t\t<div class=\"team-content \">\r\n\t\t\t\t\t\t\t\t\t<h5 class=\"team-name\">\r\n\t\t\t\t\t<a href=\"https:\/\/ihcantabria.com\/directorio-personal\/javier-garcia-alba\/\"  target=&quot;_blank&quot;  rel=&quot;nofollow&quot;>  JAVIER GARC\u00cdA ALBA<\/a>\r\n\t\t\t\t\t<\/h5>\r\n\t\t\t\t\t\t\t\t\t\t\t\t\r\n\t\t\t\t\t\t\t\t\r\n\t\t\t\t\t\t\t<\/div>\r\n\t\t<\/div>\r\n\t\t\t\t\t\t<\/div>\n\t\t\t\t<\/div>\n\t\t\t\t<\/div>\n\t\t<div class=\"elementor-element elementor-element-5747d63 e-con-full e-flex e-con e-child\" data-id=\"5747d63\" data-element_type=\"container\" data-e-type=\"container\">\n\t\t\t\t<div class=\"elementor-element elementor-element-06fb72e elementor-widget elementor-widget-tfteam\" data-id=\"06fb72e\" data-element_type=\"widget\" data-e-type=\"widget\" data-widget_type=\"tfteam.default\">\n\t\t\t\t<div class=\"elementor-widget-container\">\n\t\t\t\t\t\t\t<div class=\"tf-team style-1\">\r\n\t\t\t<div class=\"team-image\">\r\n\t\t\t\t<a href=\"https:\/\/ihcantabria.com\/directorio-personal\/paula-nunez-perez\/\"  target=&quot;_blank&quot;  rel=&quot;nofollow&quot;>\r\n\t\t\t\t<img loading=\"lazy\" decoding=\"async\" width=\"800\" height=\"831\" src=\"https:\/\/blowhazard.ihcantabria.es\/wp-content\/uploads\/2024\/04\/paulaNUNEZ-986x1024.jpg\" class=\"attachment-large size-large wp-image-358\" alt=\"\" srcset=\"https:\/\/blowhazard.ihcantabria.es\/wp-content\/uploads\/2024\/04\/paulaNUNEZ-986x1024.jpg 986w, https:\/\/blowhazard.ihcantabria.es\/wp-content\/uploads\/2024\/04\/paulaNUNEZ-289x300.jpg 289w, https:\/\/blowhazard.ihcantabria.es\/wp-content\/uploads\/2024\/04\/paulaNUNEZ-768x798.jpg 768w, https:\/\/blowhazard.ihcantabria.es\/wp-content\/uploads\/2024\/04\/paulaNUNEZ-1478x1536.jpg 1478w, https:\/\/blowhazard.ihcantabria.es\/wp-content\/uploads\/2024\/04\/paulaNUNEZ.jpg 1971w\" sizes=\"(max-width: 800px) 100vw, 800px\" \/>\t\t\t\t<div class=\"image-overlay \"><\/div>\r\n\t\t\t\t<\/a>\r\n\t\t\t\t\r\n\t\t\t\t\t\t\t<\/div>\r\n\t\t\t<div class=\"team-content \">\r\n\t\t\t\t\t\t\t\t\t<h5 class=\"team-name\">\r\n\t\t\t\t\t<a href=\"https:\/\/ihcantabria.com\/directorio-personal\/paula-nunez-perez\/\"  target=&quot;_blank&quot;  rel=&quot;nofollow&quot;>  PAULA N\u00da\u00d1EZ P\u00c9REZ<\/a>\r\n\t\t\t\t\t<\/h5>\r\n\t\t\t\t\t\t\t\t\t\t\t\t\r\n\t\t\t\t\t\t\t\t\r\n\t\t\t\t\t\t\t<\/div>\r\n\t\t<\/div>\r\n\t\t\t\t\t\t<\/div>\n\t\t\t\t<\/div>\n\t\t\t\t<\/div>\n\t\t\t\t\t<\/div>\n\t\t\t\t<\/div>\n\t\t<div class=\"elementor-element elementor-element-a6d77f4 e-flex e-con-boxed e-con e-parent\" data-id=\"a6d77f4\" data-element_type=\"container\" data-e-type=\"container\">\n\t\t\t\t\t<div class=\"e-con-inner\">\n\t\t<div class=\"elementor-element elementor-element-86d1ab0 e-con-full e-flex e-con e-child\" data-id=\"86d1ab0\" data-element_type=\"container\" data-e-type=\"container\">\n\t\t\t\t<div class=\"elementor-element elementor-element-4d5d0bd elementor-widget elementor-widget-tfteam\" data-id=\"4d5d0bd\" data-element_type=\"widget\" data-e-type=\"widget\" data-widget_type=\"tfteam.default\">\n\t\t\t\t<div class=\"elementor-widget-container\">\n\t\t\t\t\t\t\t<div class=\"tf-team style-1\">\r\n\t\t\t<div class=\"team-image\">\r\n\t\t\t\t<a href=\"https:\/\/ihcantabria.com\/directorio-personal\/carlos-calderon\/\"  target=&quot;_blank&quot;  rel=&quot;nofollow&quot;>\r\n\t\t\t\t<img loading=\"lazy\" decoding=\"async\" width=\"800\" height=\"832\" src=\"https:\/\/blowhazard.ihcantabria.es\/wp-content\/uploads\/2024\/04\/Carlos-Calderon.jpg\" class=\"attachment-large size-large wp-image-361\" alt=\"\" srcset=\"https:\/\/blowhazard.ihcantabria.es\/wp-content\/uploads\/2024\/04\/Carlos-Calderon.jpg 985w, https:\/\/blowhazard.ihcantabria.es\/wp-content\/uploads\/2024\/04\/Carlos-Calderon-289x300.jpg 289w, https:\/\/blowhazard.ihcantabria.es\/wp-content\/uploads\/2024\/04\/Carlos-Calderon-768x798.jpg 768w\" sizes=\"(max-width: 800px) 100vw, 800px\" \/>\t\t\t\t<div class=\"image-overlay \"><\/div>\r\n\t\t\t\t<\/a>\r\n\t\t\t\t\r\n\t\t\t\t\t\t\t<\/div>\r\n\t\t\t<div class=\"team-content \">\r\n\t\t\t\t\t\t\t\t\t<h5 class=\"team-name\">\r\n\t\t\t\t\t<a href=\"https:\/\/ihcantabria.com\/directorio-personal\/carlos-calderon\/\"  target=&quot;_blank&quot;  rel=&quot;nofollow&quot;>  Carlos Calder\u00f3n Palacios<\/a>\r\n\t\t\t\t\t<\/h5>\r\n\t\t\t\t\t\t\t\t\t\t\t\t\r\n\t\t\t\t\t\t\t\t\r\n\t\t\t\t\t\t\t<\/div>\r\n\t\t<\/div>\r\n\t\t\t\t\t\t<\/div>\n\t\t\t\t<\/div>\n\t\t\t\t<\/div>\n\t\t<div class=\"elementor-element elementor-element-4b86bdf e-con-full e-flex e-con e-child\" data-id=\"4b86bdf\" data-element_type=\"container\" data-e-type=\"container\">\n\t\t\t\t<div class=\"elementor-element elementor-element-316435a elementor-widget elementor-widget-tfteam\" data-id=\"316435a\" data-element_type=\"widget\" data-e-type=\"widget\" data-widget_type=\"tfteam.default\">\n\t\t\t\t<div class=\"elementor-widget-container\">\n\t\t\t\t\t\t\t<div class=\"tf-team style-1\">\r\n\t\t\t<div class=\"team-image\">\r\n\t\t\t\t<a href=\"https:\/\/ihcantabria.com\/directorio-personal\/investigador\/andres-garcia-gomez\/\"  target=&quot;_blank&quot;  rel=&quot;nofollow&quot;>\r\n\t\t\t\t<img loading=\"lazy\" decoding=\"async\" width=\"800\" height=\"831\" src=\"https:\/\/blowhazard.ihcantabria.es\/wp-content\/uploads\/2024\/04\/andres-986x1024.jpg\" class=\"attachment-large size-large wp-image-360\" alt=\"\" srcset=\"https:\/\/blowhazard.ihcantabria.es\/wp-content\/uploads\/2024\/04\/andres-986x1024.jpg 986w, https:\/\/blowhazard.ihcantabria.es\/wp-content\/uploads\/2024\/04\/andres-289x300.jpg 289w, https:\/\/blowhazard.ihcantabria.es\/wp-content\/uploads\/2024\/04\/andres-768x798.jpg 768w, https:\/\/blowhazard.ihcantabria.es\/wp-content\/uploads\/2024\/04\/andres-1478x1536.jpg 1478w, https:\/\/blowhazard.ihcantabria.es\/wp-content\/uploads\/2024\/04\/andres.jpg 1971w\" sizes=\"(max-width: 800px) 100vw, 800px\" \/>\t\t\t\t<div class=\"image-overlay \"><\/div>\r\n\t\t\t\t<\/a>\r\n\t\t\t\t\r\n\t\t\t\t\t\t\t<\/div>\r\n\t\t\t<div class=\"team-content \">\r\n\t\t\t\t\t\t\t\t\t<h5 class=\"team-name\">\r\n\t\t\t\t\t<a href=\"https:\/\/ihcantabria.com\/directorio-personal\/investigador\/andres-garcia-gomez\/\"  target=&quot;_blank&quot;  rel=&quot;nofollow&quot;>Andr\u00e9s Garc\u00eda G\u00f3mez <\/a>\r\n\t\t\t\t\t<\/h5>\r\n\t\t\t\t\t\t\t\t\t\t\t\t\r\n\t\t\t\t\t\t\t\t\r\n\t\t\t\t\t\t\t<\/div>\r\n\t\t<\/div>\r\n\t\t\t\t\t\t<\/div>\n\t\t\t\t<\/div>\n\t\t\t\t<\/div>\n\t\t<div class=\"elementor-element elementor-element-e7d5684 e-con-full e-flex e-con e-child\" data-id=\"e7d5684\" data-element_type=\"container\" data-e-type=\"container\">\n\t\t\t\t<div class=\"elementor-element elementor-element-aa096ad elementor-widget elementor-widget-tfteam\" data-id=\"aa096ad\" data-element_type=\"widget\" data-e-type=\"widget\" data-widget_type=\"tfteam.default\">\n\t\t\t\t<div class=\"elementor-widget-container\">\n\t\t\t\t\t\t\t<div class=\"tf-team style-1\">\r\n\t\t\t<div class=\"team-image\">\r\n\t\t\t\t<a href=\"https:\/\/ihcantabria.com\/directorio-personal\/luis-pedraz-polo\/\"  target=&quot;_blank&quot;  rel=&quot;nofollow&quot;>\r\n\t\t\t\t<img loading=\"lazy\" decoding=\"async\" width=\"800\" height=\"831\" src=\"https:\/\/blowhazard.ihcantabria.es\/wp-content\/uploads\/2024\/04\/luis-986x1024.jpg\" class=\"attachment-large size-large wp-image-362\" alt=\"\" srcset=\"https:\/\/blowhazard.ihcantabria.es\/wp-content\/uploads\/2024\/04\/luis-986x1024.jpg 986w, https:\/\/blowhazard.ihcantabria.es\/wp-content\/uploads\/2024\/04\/luis-289x300.jpg 289w, https:\/\/blowhazard.ihcantabria.es\/wp-content\/uploads\/2024\/04\/luis-768x798.jpg 768w, https:\/\/blowhazard.ihcantabria.es\/wp-content\/uploads\/2024\/04\/luis-1478x1536.jpg 1478w, https:\/\/blowhazard.ihcantabria.es\/wp-content\/uploads\/2024\/04\/luis.jpg 1971w\" sizes=\"(max-width: 800px) 100vw, 800px\" \/>\t\t\t\t<div class=\"image-overlay \"><\/div>\r\n\t\t\t\t<\/a>\r\n\t\t\t\t\r\n\t\t\t\t\t\t\t<\/div>\r\n\t\t\t<div class=\"team-content \">\r\n\t\t\t\t\t\t\t\t\t<h5 class=\"team-name\">\r\n\t\t\t\t\t<a href=\"https:\/\/ihcantabria.com\/directorio-personal\/luis-pedraz-polo\/\"  target=&quot;_blank&quot;  rel=&quot;nofollow&quot;>LUIS PEDRAZ POLO<\/a>\r\n\t\t\t\t\t<\/h5>\r\n\t\t\t\t\t\t\t\t\t\t\t\t\r\n\t\t\t\t\t\t\t\t\r\n\t\t\t\t\t\t\t<\/div>\r\n\t\t<\/div>\r\n\t\t\t\t\t\t<\/div>\n\t\t\t\t<\/div>\n\t\t\t\t<\/div>\n\t\t<div class=\"elementor-element elementor-element-eeafd6d e-con-full e-flex e-con e-child\" data-id=\"eeafd6d\" data-element_type=\"container\" data-e-type=\"container\">\n\t\t\t\t<div class=\"elementor-element elementor-element-ab1b19e elementor-widget elementor-widget-tfteam\" data-id=\"ab1b19e\" data-element_type=\"widget\" data-e-type=\"widget\" data-widget_type=\"tfteam.default\">\n\t\t\t\t<div class=\"elementor-widget-container\">\n\t\t\t\t\t\t\t<div class=\"tf-team style-1\">\r\n\t\t\t<div class=\"team-image\">\r\n\t\t\t\t<a href=\"https:\/\/ihcantabria.com\/directorio-personal\/francisco-royano\/\"  target=&quot;_blank&quot;  rel=&quot;nofollow&quot;>\r\n\t\t\t\t<img loading=\"lazy\" decoding=\"async\" width=\"800\" height=\"831\" src=\"https:\/\/blowhazard.ihcantabria.es\/wp-content\/uploads\/2024\/04\/pacoROYANO-986x1024.jpg\" class=\"attachment-large size-large wp-image-363\" alt=\"\" srcset=\"https:\/\/blowhazard.ihcantabria.es\/wp-content\/uploads\/2024\/04\/pacoROYANO-986x1024.jpg 986w, https:\/\/blowhazard.ihcantabria.es\/wp-content\/uploads\/2024\/04\/pacoROYANO-289x300.jpg 289w, https:\/\/blowhazard.ihcantabria.es\/wp-content\/uploads\/2024\/04\/pacoROYANO-768x798.jpg 768w, https:\/\/blowhazard.ihcantabria.es\/wp-content\/uploads\/2024\/04\/pacoROYANO-1478x1536.jpg 1478w, https:\/\/blowhazard.ihcantabria.es\/wp-content\/uploads\/2024\/04\/pacoROYANO.jpg 1971w\" sizes=\"(max-width: 800px) 100vw, 800px\" \/>\t\t\t\t<div class=\"image-overlay \"><\/div>\r\n\t\t\t\t<\/a>\r\n\t\t\t\t\r\n\t\t\t\t\t\t\t<\/div>\r\n\t\t\t<div class=\"team-content \">\r\n\t\t\t\t\t\t\t\t\t<h5 class=\"team-name\">\r\n\t\t\t\t\t<a href=\"https:\/\/ihcantabria.com\/directorio-personal\/francisco-royano\/\"  target=&quot;_blank&quot;  rel=&quot;nofollow&quot;>Francisco Royano<\/a>\r\n\t\t\t\t\t<\/h5>\r\n\t\t\t\t\t\t\t\t\t\t\t\t\r\n\t\t\t\t\t\t\t\t\r\n\t\t\t\t\t\t\t<\/div>\r\n\t\t<\/div>\r\n\t\t\t\t\t\t<\/div>\n\t\t\t\t<\/div>\n\t\t\t\t<\/div>\n\t\t\t\t\t<\/div>\n\t\t\t\t<\/div>\n\t\t\t\t<\/div>\n\t\t","protected":false},"excerpt":{"rendered":"<p>Main Researches ANA JULIA ABASCAL SANTILLANA RA\u00daL MEDINA SANTAMAR\u00cdA Work team HECTOR IBA\u00d1EZ QUINTANAL GERM\u00c1N ARAG\u00d3N CAMINERO JAVIER GARC\u00cdA ALBA PAULA N\u00da\u00d1EZ P\u00c9REZ Carlos Calder\u00f3n Palacios Andr\u00e9s Garc\u00eda G\u00f3mez LUIS PEDRAZ POLO Francisco Royano<\/p>\n","protected":false},"author":1,"featured_media":0,"parent":0,"menu_order":0,"comment_status":"closed","ping_status":"closed","template":"","meta":{"footnotes":""},"class_list":["post-435","page","type-page","status-publish","hentry"],"_links":{"self":[{"href":"https:\/\/blowhazard.ihcantabria.es\/en\/wp-json\/wp\/v2\/pages\/435","targetHints":{"allow":["GET"]}}],"collection":[{"href":"https:\/\/blowhazard.ihcantabria.es\/en\/wp-json\/wp\/v2\/pages"}],"about":[{"href":"https:\/\/blowhazard.ihcantabria.es\/en\/wp-json\/wp\/v2\/types\/page"}],"author":[{"embeddable":true,"href":"https:\/\/blowhazard.ihcantabria.es\/en\/wp-json\/wp\/v2\/users\/1"}],"replies":[{"embeddable":true,"href":"https:\/\/blowhazard.ihcantabria.es\/en\/wp-json\/wp\/v2\/comments?post=435"}],"version-history":[{"count":1,"href":"https:\/\/blowhazard.ihcantabria.es\/en\/wp-json\/wp\/v2\/pages\/435\/revisions"}],"predecessor-version":[{"id":436,"href":"https:\/\/blowhazard.ihcantabria.es\/en\/wp-json\/wp\/v2\/pages\/435\/revisions\/436"}],"wp:attachment":[{"href":"https:\/\/blowhazard.ihcantabria.es\/en\/wp-json\/wp\/v2\/media?parent=435"}],"curies":[{"name":"wp","href":"https:\/\/api.w.org\/{rel}","templated":true}]}}